{"id":290,"date":"2026-03-12T11:28:05","date_gmt":"2026-03-12T10:28:05","guid":{"rendered":"https:\/\/leschatsdelaserane.fr\/index.php\/accueil\/"},"modified":"2026-03-12T11:50:39","modified_gmt":"2026-03-12T10:50:39","slug":"accueil","status":"publish","type":"page","link":"https:\/\/leschatsdelaserane.fr\/","title":{"rendered":"Accueil"},"content":{"rendered":"\n<div class=\"wp-block-cover alignfull cds-hero\" style=\"min-height:70vh;aspect-ratio:unset;\"><span aria-hidden=\"true\" class=\"wp-block-cover__background has-background-dim-20 has-background-dim\" style=\"background-color:#2a3625\"><\/span><img loading=\"lazy\" decoding=\"async\" width=\"2560\" height=\"1027\" class=\"wp-block-cover__image-background wp-image-305\" alt=\"Pirate, notre mascotte\" src=\"https:\/\/leschatsdelaserane.fr\/wp-content\/uploads\/2026\/03\/pirate-accueil-scaled.jpeg\" data-object-fit=\"cover\" srcset=\"https:\/\/leschatsdelaserane.fr\/wp-content\/uploads\/2026\/03\/pirate-accueil-scaled.jpeg 2560w, https:\/\/leschatsdelaserane.fr\/wp-content\/uploads\/2026\/03\/pirate-accueil-300x120.jpeg 300w, https:\/\/leschatsdelaserane.fr\/wp-content\/uploads\/2026\/03\/pirate-accueil-1024x411.jpeg 1024w, https:\/\/leschatsdelaserane.fr\/wp-content\/uploads\/2026\/03\/pirate-accueil-768x308.jpeg 768w, https:\/\/leschatsdelaserane.fr\/wp-content\/uploads\/2026\/03\/pirate-accueil-1536x616.jpeg 1536w, https:\/\/leschatsdelaserane.fr\/wp-content\/uploads\/2026\/03\/pirate-accueil-2048x821.jpeg 2048w\" sizes=\"auto, (max-width: 2560px) 100vw, 2560px\" \/><div class=\"wp-block-cover__inner-container is-layout-flow wp-block-cover-is-layout-flow\">\n\n<h1 class=\"wp-block-heading has-text-align-center\" style=\"color:#ffffff\">Les Chats de la S\u00e9rane<\/h1>\n\n\n<p class=\"has-text-align-center\" style=\"color:#ffffff\">Association loi 1901 d\u00e9di\u00e9e \u00e0 la protection des chats de la copropri\u00e9t\u00e9 du Parc de la S\u00e9rane, Marseille 8e.<\/p>\n\n\n<div class=\"wp-block-buttons is-content-justification-center is-layout-flex wp-container-core-buttons-is-layout-a89b3969 wp-block-buttons-is-layout-flex\">\n\n<div class=\"wp-block-button\"><a class=\"wp-block-button__link wp-element-button\" href=\"\/index.php\/nous-soutenir\/\">Nous soutenir<\/a><\/div>\n\n\n<div class=\"wp-block-button is-style-outline is-style-outline--1\"><a class=\"wp-block-button__link wp-element-button\" style=\"color:#ffffff\" href=\"\/index.php\/le-trombi\/\">Voir nos chats<\/a><\/div>\n\n<\/div>\n\n<\/div><\/div>\n\n\n<h2 class=\"wp-block-heading has-text-align-center\">Nos derni\u00e8res actualit\u00e9s<\/h2>\n\n\n<p class=\"has-text-align-center\">D\u00e9couvrez nos actions, sauvetages et bonnes nouvelles au quotidien.<\/p>\n\n<ul class=\"wp-block-latest-posts__list has-dates cds-latest-posts wp-block-latest-posts\"><li><a class=\"wp-block-latest-posts__post-title\" href=\"https:\/\/leschatsdelaserane.fr\/index.php\/2026\/01\/23\/periode-novembre-2025-janvier-2026\/\">P\u00e9riode : novembre 2025 &#8211; janvier 2026<\/a><time datetime=\"2026-01-23T12:23:16+01:00\" class=\"wp-block-latest-posts__post-date\">23\/01\/2026<\/time><div class=\"wp-block-latest-posts__post-excerpt\">Chers amis des Chats de la S\u00e9rane, Voil\u00e0 plusieurs mois que je n&rsquo;ai pas donn\u00e9 de nouvelles sur le blog. En octobre, nous vous racontions\u2026 <a class=\"wp-block-latest-posts__read-more\" href=\"https:\/\/leschatsdelaserane.fr\/index.php\/2026\/01\/23\/periode-novembre-2025-janvier-2026\/\" rel=\"noopener noreferrer\">Lire la suite<span class=\"screen-reader-text\">\u00a0: P\u00e9riode : novembre 2025 &#8211; janvier 2026<\/span><\/a><\/div><\/li>\n<li><a class=\"wp-block-latest-posts__post-title\" href=\"https:\/\/leschatsdelaserane.fr\/index.php\/2025\/10\/19\/actions-de-septembre-octobre-quand-chaque-jour-compte\/\">Actions de septembre-octobre : quand chaque jour compte<\/a><time datetime=\"2025-10-19T10:49:16+02:00\" class=\"wp-block-latest-posts__post-date\">19\/10\/2025<\/time><div class=\"wp-block-latest-posts__post-excerpt\">Chers amis des Chats de la S\u00e9rane, Les mois de septembre et octobre 2025 ont \u00e9t\u00e9 marqu\u00e9s par deux histoires bien diff\u00e9rentes : celle de\u2026 <a class=\"wp-block-latest-posts__read-more\" href=\"https:\/\/leschatsdelaserane.fr\/index.php\/2025\/10\/19\/actions-de-septembre-octobre-quand-chaque-jour-compte\/\" rel=\"noopener noreferrer\">Lire la suite<span class=\"screen-reader-text\">\u00a0: Actions de septembre-octobre : quand chaque jour compte<\/span><\/a><\/div><\/li>\n<li><div class=\"wp-block-latest-posts__featured-image alignleft\"><a href=\"https:\/\/leschatsdelaserane.fr\/index.php\/2025\/07\/01\/assemblee-generale-2025\/\" aria-label=\"Assembl\u00e9e G\u00e9n\u00e9rale 2025\"><img loading=\"lazy\" decoding=\"async\" width=\"150\" height=\"150\" src=\"https:\/\/leschatsdelaserane.fr\/wp-content\/uploads\/2025\/07\/IMG_3246-150x150.jpeg\" class=\"attachment-thumbnail size-thumbnail wp-post-image\" alt=\"\" style=\"max-width:150px;max-height:150px;\" \/><\/a><\/div><a class=\"wp-block-latest-posts__post-title\" href=\"https:\/\/leschatsdelaserane.fr\/index.php\/2025\/07\/01\/assemblee-generale-2025\/\">Assembl\u00e9e G\u00e9n\u00e9rale 2025<\/a><time datetime=\"2025-07-01T07:06:59+02:00\" class=\"wp-block-latest-posts__post-date\">01\/07\/2025<\/time><div class=\"wp-block-latest-posts__post-excerpt\">Jeudi 26 juin 2025 \u2013 Quelle belle soir\u00e9e nous avons pass\u00e9e ensemble ! L\u2019assembl\u00e9e g\u00e9n\u00e9rale annuelle de l\u2019association Les Chats de la Serane s\u2019est tenue\u2026 <a class=\"wp-block-latest-posts__read-more\" href=\"https:\/\/leschatsdelaserane.fr\/index.php\/2025\/07\/01\/assemblee-generale-2025\/\" rel=\"noopener noreferrer\">Lire la suite<span class=\"screen-reader-text\">\u00a0: Assembl\u00e9e G\u00e9n\u00e9rale 2025<\/span><\/a><\/div><\/li>\n<\/ul>\n\n<div class=\"wp-block-buttons is-content-justification-center is-layout-flex wp-container-core-buttons-is-layout-a89b3969 wp-block-buttons-is-layout-flex\">\n\n<div class=\"wp-block-button is-style-outline is-style-outline--2\"><a class=\"wp-block-button__link wp-element-button\" href=\"\/index.php\/actualites\/\">Toutes les actualit\u00e9s<\/a><\/div>\n\n<\/div>\n","protected":false},"excerpt":{"rendered":"<p>Nos derni\u00e8res actualit\u00e9s D\u00e9couvrez nos actions, sauvetages et bonnes nouvelles au quotidien.<\/p>\n","protected":false},"author":0,"featured_media":0,"parent":0,"menu_order":0,"comment_status":"closed","ping_status":"closed","template":"","meta":{"site-sidebar-layout":"default","site-content-layout":"","ast-site-content-layout":"default","site-content-style":"default","site-sidebar-style":"default","ast-global-header-display":"","ast-banner-title-visibility":"","ast-main-header-display":"","ast-hfb-above-header-display":"","ast-hfb-below-header-display":"","ast-hfb-mobile-header-display":"","site-post-title":"","ast-breadcrumbs-content":"","ast-featured-img":"","footer-sml-layout":"","ast-disable-related-posts":"","theme-transparent-header-meta":"","adv-header-id-meta":"","stick-header-meta":"","header-above-stick-meta":"","header-main-stick-meta":"","header-below-stick-meta":"","astra-migrate-meta-layouts":"default","ast-page-background-enabled":"default","ast-page-background-meta":{"desktop":{"background-color":"var(--ast-global-color-5)","background-image":"","background-repeat":"repeat","background-position":"center center","background-size":"auto","background-attachment":"scroll","background-type":"","background-media":"","overlay-type":"","overlay-color":"","overlay-opacity":"","overlay-gradient":""},"tablet":{"background-color":"","background-image":"","background-repeat":"repeat","background-position":"center center","background-size":"auto","background-attachment":"scroll","background-type":"","background-media":"","overlay-type":"","overlay-color":"","overlay-opacity":"","overlay-gradient":""},"mobile":{"background-color":"","background-image":"","background-repeat":"repeat","background-position":"center center","background-size":"auto","background-attachment":"scroll","background-type":"","background-media":"","overlay-type":"","overlay-color":"","overlay-opacity":"","overlay-gradient":""}},"ast-content-background-meta":{"desktop":{"background-color":"var(--ast-global-color-4)","background-image":"","background-repeat":"repeat","background-position":"center center","background-size":"auto","background-attachment":"scroll","background-type":"","background-media":"","overlay-type":"","overlay-color":"","overlay-opacity":"","overlay-gradient":""},"tablet":{"background-color":"var(--ast-global-color-4)","background-image":"","background-repeat":"repeat","background-position":"center center","background-size":"auto","background-attachment":"scroll","background-type":"","background-media":"","overlay-type":"","overlay-color":"","overlay-opacity":"","overlay-gradient":""},"mobile":{"background-color":"var(--ast-global-color-4)","background-image":"","background-repeat":"repeat","background-position":"center center","background-size":"auto","background-attachment":"scroll","background-type":"","background-media":"","overlay-type":"","overlay-color":"","overlay-opacity":"","overlay-gradient":""}},"footnotes":""},"class_list":["post-290","page","type-page","status-publish","hentry"],"_links":{"self":[{"href":"https:\/\/leschatsdelaserane.fr\/index.php\/wp-json\/wp\/v2\/pages\/290","targetHints":{"allow":["GET"]}}],"collection":[{"href":"https:\/\/leschatsdelaserane.fr\/index.php\/wp-json\/wp\/v2\/pages"}],"about":[{"href":"https:\/\/leschatsdelaserane.fr\/index.php\/wp-json\/wp\/v2\/types\/page"}],"replies":[{"embeddable":true,"href":"https:\/\/leschatsdelaserane.fr\/index.php\/wp-json\/wp\/v2\/comments?post=290"}],"version-history":[{"count":4,"href":"https:\/\/leschatsdelaserane.fr\/index.php\/wp-json\/wp\/v2\/pages\/290\/revisions"}],"predecessor-version":[{"id":306,"href":"https:\/\/leschatsdelaserane.fr\/index.php\/wp-json\/wp\/v2\/pages\/290\/revisions\/306"}],"wp:attachment":[{"href":"https:\/\/leschatsdelaserane.fr\/index.php\/wp-json\/wp\/v2\/media?parent=290"}],"curies":[{"name":"wp","href":"https:\/\/api.w.org\/{rel}","templated":true}]}}